{"id":6094,"date":"2019-09-28T10:20:37","date_gmt":"2019-09-28T13:20:37","guid":{"rendered":"https:\/\/estudionsg.navarronoticias.com\/contact-us\/"},"modified":"2025-07-06T20:28:38","modified_gmt":"2025-07-06T23:28:38","slug":"contactanos","status":"publish","type":"page","link":"https:\/\/estudionsg.com\/es\/home\/contactanos\/","title":{"rendered":"Contacto"},"content":{"rendered":"\n\t<section class=\"section\" id=\"section_943300084\">\n\t\t<div class=\"section-bg fill\" >\n\t\t\t\t\t\t\t\t\t\n\t\t\t\n\n\t\t<\/div>\n\n\t\t\n\n\t\t<div class=\"section-content relative\">\n\t\t\t\n\n  <div class=\"banner has-hover\" id=\"banner-691152578\">\n          <div class=\"banner-inner fill\">\n        <div class=\"banner-bg fill\" >\n            <img loading=\"lazy\" decoding=\"async\" width=\"2500\" height=\"606\" src=\"https:\/\/estudionsg.com\/wp-content\/uploads\/2025\/05\/Banda-para-cada-seccion.png\" class=\"bg attachment-original size-original\" alt=\"Standard Translations\" \/>                                    \n                    <\/div>\n\t\t\n        <div class=\"banner-layers container\">\n            <div class=\"fill banner-link\"><\/div>            \n   <div id=\"text-box-1675276261\" class=\"text-box banner-layer x50 md-x50 lg-x0 y50 md-y50 lg-y70 res-text\">\n                                <div class=\"text-box-content text dark\">\n              \n              <div class=\"text-inner text-left\">\n                  \n\t<div id=\"text-2191175436\" class=\"text cabecera\">\n\t\t\n<h2>CONTACTO<\/h2>\n\t\t\t<\/div>\n\t\n              <\/div>\n           <\/div>\n                            \n<style>\n#text-box-1675276261 {\n  margin: 0px 0px 0px 0px;\n  width: 90%;\n}\n#text-box-1675276261 .text-box-content {\n  font-size: 80%;\n}\n@media (min-width:550px) {\n  #text-box-1675276261 {\n    width: 90%;\n  }\n  #text-box-1675276261 .text-box-content {\n    font-size: 100%;\n  }\n}\n@media (min-width:850px) {\n  #text-box-1675276261 {\n    margin: 0px 0px 0px 15px;\n    width: 85%;\n  }\n}\n<\/style>\n    <\/div>\n \n        <\/div>\n      <\/div>\n\n            \n<style>\n#banner-691152578 {\n  padding-top: 130px;\n  background-color: rgb(244, 244, 244);\n}\n#banner-691152578 .overlay {\n  background-color: rgba(0,0,0,.5);\n}\n#banner-691152578 .banner-bg img {\n  object-position: 45% 100%;\n}\n@media (min-width:550px) {\n  #banner-691152578 {\n    padding-top: 130px;\n  }\n  #banner-691152578 .overlay {\n    background-color: rgba(0,0,0,.5);\n  }\n}\n@media (min-width:850px) {\n  #banner-691152578 {\n    padding-top: 239px;\n  }\n}\n<\/style>\n  <\/div>\n\n\n\t\t<\/div>\n\n\t\t\n<style>\n#section_943300084 {\n  padding-top: 0px;\n  padding-bottom: 0px;\n}\n@media (min-width:550px) {\n  #section_943300084 {\n    padding-top: 0px;\n    padding-bottom: 0px;\n  }\n}\n@media (min-width:850px) {\n  #section_943300084 {\n    padding-top: 0px;\n    padding-bottom: 0px;\n  }\n}\n<\/style>\n\t<\/section>\n\t\n\n\t<section class=\"section\" id=\"section_597417764\">\n\t\t<div class=\"section-bg fill\" >\n\t\t\t\t\t\t\t\t\t<div class=\"section-bg-overlay absolute fill\"><\/div>\n\t\t\t\n\t<div class=\"is-border\"\n\t\tstyle=\"border-width:1px 0px 0px 0px;margin:0px 0px 0px 0px;\">\n\t<\/div>\n\n\t\t<\/div>\n\n\t\t\n\n\t\t<div class=\"section-content relative\">\n\t\t\t\n<div class=\"row align-center\"  id=\"row-1358213802\">\n\n\t<div id=\"col-1283173721\" class=\"col bordescontact icbordo medium-12 small-12 large-6\"  >\n\t\t\t\t<div class=\"col-inner text-left\"  >\n\t\t\t\n\t\t\t\n<h1>Contacto<\/h1>\n<div class=\"is-divider divider clearfix\" style=\"margin-top:0.5em;margin-bottom:0.5em;max-width:90px;\"><\/div>\n<p style=\"text-align: justify;\"><span style=\"font-weight: 400; color: #282828;\">Para solicitar un presupuesto, o enviarnos una consulta, por favor complete el formulario o comun\u00edquese con <a style=\"color: #282828;\" href=\"https:\/\/estudionsg.com\/es\/quienes-somos\/\">nosotros<\/a> a trav\u00e9s de alguno de los siguientes medios:<\/span><\/p>\n\n\t<a class=\"plain\" href=\"tel:01138294686\" target=\"_blank\" rel=\"noopener\" >\t<div class=\"icon-box featured-box icon-box-left text-left\"  style=\"margin:20px 0px 10px 0px;\">\n\t\t\t\t\t<div class=\"icon-box-img\" style=\"width: 20px\">\n\t\t\t\t<div class=\"icon\">\n\t\t\t\t\t<div class=\"icon-inner\" style=\"color:rgb(126, 23, 18);\">\n\t\t\t\t\t\t<img loading=\"lazy\" decoding=\"async\" width=\"440\" height=\"440\" src=\"https:\/\/estudionsg.com\/wp-content\/uploads\/2025\/06\/phone_icon_172267.png\" class=\"attachment-medium size-medium\" alt=\"Traducciones en Buenos Aires\" \/>\t\t\t\t\t<\/div>\n\t\t\t\t<\/div>\n\t\t\t<\/div>\n\t\t\t\t<div class=\"icon-box-text last-reset\">\n\t\t\t<h5 class=\"uppercase\">+ 54 9 11 3829-4686<\/h5>\t\t\t\t\t\t\n\t\t<\/div>\n\t<\/div>\n\t<\/a>\n\t\n\n\t<a class=\"plain\" href=\"https:\/\/api.whatsapp.com\/send?phone=+5491138294686&#038;text=Hola!%20Quiero%20hacer%20una%20consulta\" target=\"_blank\" rel=\"noopener\" >\t<div class=\"icon-box featured-box icon-box-left text-left\"  style=\"margin:0px 0px 10px 0px;\">\n\t\t\t\t\t<div class=\"icon-box-img\" style=\"width: 20px\">\n\t\t\t\t<div class=\"icon\">\n\t\t\t\t\t<div class=\"icon-inner\" >\n\t\t\t\t\t\t<img loading=\"lazy\" decoding=\"async\" width=\"668\" height=\"668\" src=\"https:\/\/estudionsg.com\/wp-content\/uploads\/2025\/06\/whatsapp-logo-whatsapp-icon-whatsapp-transparent-free-png.png\" class=\"attachment-medium size-medium\" alt=\"Traducciones en Buenos Aires\" \/>\t\t\t\t\t<\/div>\n\t\t\t\t<\/div>\n\t\t\t<\/div>\n\t\t\t\t<div class=\"icon-box-text last-reset\">\n\t\t\t<h5 class=\"uppercase\">+ 54 9 11 3829-4686<\/h5>\t\t\t\t\t\t\n\t\t<\/div>\n\t<\/div>\n\t<\/a>\n\t\n\n\t<a class=\"plain\" href=\"mailto:info@estudionsg.com\" target=\"_blank\" rel=\"noopener\" >\t<div class=\"icon-box featured-box icon-box-left text-left\"  style=\"margin:0px 0px 10px 0px;\">\n\t\t\t\t\t<div class=\"icon-box-img\" style=\"width: 20px\">\n\t\t\t\t<div class=\"icon\">\n\t\t\t\t\t<div class=\"icon-inner\" style=\"color:rgb(126, 23, 18);\">\n\t\t\t\t\t\t<?xml version=\"1.0\" encoding=\"utf-8\"?>\r\n<!-- Uploaded to: SVG Repo, www.svgrepo.com, Generator: SVG Repo Mixer Tools -->\n<svg fill=\"#000000\" width=\"800px\" height=\"800px\" viewBox=\"0 0 32 32\" version=\"1.1\" xmlns=\"http:\/\/www.w3.org\/2000\/svg\">\r\n<title>envelope<\/title>\r\n<path d=\"M28 3.75h-24c-1.794 0.002-3.248 1.456-3.25 3.25v18c0.002 1.794 1.456 3.248 3.25 3.25h24c1.794-0.001 3.249-1.456 3.25-3.25v-18c-0.002-1.794-1.456-3.248-3.25-3.25h-0zM4 6.25h24c0.219 0.001 0.415 0.097 0.549 0.248l0.001 0.001-12.55 8.964-12.55-8.964c0.135-0.152 0.331-0.248 0.549-0.249h0zM28 25.75h-24c-0.414-0-0.75-0.336-0.75-0.75v-15.571l12.023 8.588c0.031 0.018 0.069 0.037 0.108 0.054l0.008 0.003c0.031 0.018 0.068 0.037 0.107 0.054l0.008 0.003c0.145 0.070 0.315 0.113 0.494 0.118l0.002 0h0.002c0.181-0.005 0.351-0.048 0.503-0.121l-0.008 0.003c0.046-0.020 0.084-0.039 0.12-0.060l-0.006 0.003c0.047-0.020 0.085-0.040 0.121-0.061l-0.006 0.003 12.023-8.588v15.571c-0 0.414-0.336 0.75-0.75 0.75v0z\"><\/path>\r\n<\/svg>\t\t\t\t\t<\/div>\n\t\t\t\t<\/div>\n\t\t\t<\/div>\n\t\t\t\t<div class=\"icon-box-text last-reset\">\n\t\t\t<h5 class=\"uppercase\">info@estudionsg.com<\/h5>\t\t\t\t\t\t\n\t\t<\/div>\n\t<\/div>\n\t<\/a>\n\t\n\n\t\t<div class=\"icon-box featured-box icon-box-left text-left\"  style=\"margin:0px 0px 10px 0px;\">\n\t\t\t\t\t<div class=\"icon-box-img\" style=\"width: 20px\">\n\t\t\t\t<div class=\"icon\">\n\t\t\t\t\t<div class=\"icon-inner\" >\n\t\t\t\t\t\t<img loading=\"lazy\" decoding=\"async\" width=\"458\" height=\"458\" src=\"https:\/\/estudionsg.com\/wp-content\/uploads\/2025\/06\/icsignal.png\" class=\"attachment-medium size-medium\" alt=\"Traducciones en Buenos Aires\" \/>\t\t\t\t\t<\/div>\n\t\t\t\t<\/div>\n\t\t\t<\/div>\n\t\t\t\t<div class=\"icon-box-text last-reset\">\n\t\t\t<h5 class=\"uppercase\">@EstudioNSG.01<\/h5>\t\t\t\t\t\t\n\t\t<\/div>\n\t<\/div>\n\t\n\t\n\n\t\t<div class=\"icon-box featured-box icon-box-left text-left\"  style=\"margin:0px 0px 10px 0px;\">\n\t\t\t\t\t<div class=\"icon-box-img\" style=\"width: 20px\">\n\t\t\t\t<div class=\"icon\">\n\t\t\t\t\t<div class=\"icon-inner\" >\n\t\t\t\t\t\t<img loading=\"lazy\" decoding=\"async\" width=\"254\" height=\"254\" src=\"https:\/\/estudionsg.com\/wp-content\/uploads\/2025\/06\/location-icon-pin-point-map-outline-isolated-on-white-background-illustration-vector.png\" class=\"attachment-medium size-medium\" alt=\"\" \/>\t\t\t\t\t<\/div>\n\t\t\t\t<\/div>\n\t\t\t<\/div>\n\t\t\t\t<div class=\"icon-box-text last-reset\">\n\t\t\t<h5 class=\"uppercase\">Neuqu\u00e9n 659, Ciudad de Buenos Aires, Argentina<\/h5>\t\t\t\t\t\t\n\t\t<\/div>\n\t<\/div>\n\t\n\t\n\n\t\t<div class=\"icon-box featured-box icon-box-left text-left\"  style=\"margin:0px 0px 10px 0px;\">\n\t\t\t\t\t<div class=\"icon-box-img\" style=\"width: 20px\">\n\t\t\t\t<div class=\"icon\">\n\t\t\t\t\t<div class=\"icon-inner\" >\n\t\t\t\t\t\t<img loading=\"lazy\" decoding=\"async\" width=\"512\" height=\"512\" src=\"https:\/\/estudionsg.com\/wp-content\/uploads\/2025\/06\/992700.png\" class=\"attachment-medium size-medium\" alt=\"\" \/>\t\t\t\t\t<\/div>\n\t\t\t\t<\/div>\n\t\t\t<\/div>\n\t\t\t\t<div class=\"icon-box-text last-reset\">\n\t\t\t<h5 class=\"uppercase\">Huso horario GMT-3.<\/h5>\t\t\t\t\t\t\n\t\t<\/div>\n\t<\/div>\n\t\n\t\n\t<div id=\"gap-590682531\" class=\"gap-element clearfix\" style=\"display:block; height:auto;\">\n\t\t\n<style>\n#gap-590682531 {\n  padding-top: 20px;\n}\n@media (min-width:850px) {\n  #gap-590682531 {\n    padding-top: 20px;\n  }\n}\n<\/style>\n\t<\/div>\n\t\n\t\t<\/div>\n\t\t\t\t\n<style>\n#col-1283173721 > .col-inner {\n  padding: 0px 0px 0px 0px;\n}\n<\/style>\n\t<\/div>\n\n\t\n\n\t<div id=\"col-79638598\" class=\"col medium-12 small-12 large-6\"  >\n\t\t\t\t<div class=\"col-inner text-left\"  >\n\t\t\t\n\t\t\t\n\n<div class=\"wpcf7 no-js\" id=\"wpcf7-f709-o1\" lang=\"es-ES\" dir=\"ltr\" data-wpcf7-id=\"709\">\n<div class=\"screen-reader-response\"><p role=\"status\" aria-live=\"polite\" aria-atomic=\"true\"><\/p> <ul><\/ul><\/div>\n<form action=\"\/es\/wp-json\/wp\/v2\/pages\/6094#wpcf7-f709-o1\" method=\"post\" class=\"wpcf7-form init\" aria-label=\"Formulario de contacto\" enctype=\"multipart\/form-data\" novalidate=\"novalidate\" data-status=\"init\">\n<div style=\"display: none;\">\n<input type=\"hidden\" name=\"_wpcf7\" value=\"709\" \/>\n<input type=\"hidden\" name=\"_wpcf7_version\" value=\"6.0.6\" \/>\n<input type=\"hidden\" name=\"_wpcf7_locale\" value=\"es_ES\" \/>\n<input type=\"hidden\" name=\"_wpcf7_unit_tag\" value=\"wpcf7-f709-o1\" \/>\n<input type=\"hidden\" name=\"_wpcf7_container_post\" value=\"0\" \/>\n<input type=\"hidden\" name=\"_wpcf7_posted_data_hash\" value=\"\" \/>\n<input type=\"hidden\" name=\"_wpcf7_recaptcha_response\" value=\"\" \/>\n<\/div>\n<p><span class=\"wpcf7-form-control-wrap\" data-name=\"your-name\"><input size=\"40\" maxlength=\"400\" class=\"wpcf7-form-control wpcf7-text wpcf7-validates-as-required\" aria-required=\"true\" aria-invalid=\"false\" placeholder=\"Nombre completo *\" value=\"\" type=\"text\" name=\"your-name\" \/><\/span><br \/>\n<span class=\"wpcf7-form-control-wrap\" data-name=\"your-email\"><input size=\"40\" maxlength=\"400\" class=\"wpcf7-form-control wpcf7-email wpcf7-validates-as-required wpcf7-text wpcf7-validates-as-email\" aria-required=\"true\" aria-invalid=\"false\" placeholder=\"Correo electr\u00f3nico *\" value=\"\" type=\"email\" name=\"your-email\" \/><\/span><br \/>\n<span class=\"wpcf7-form-control-wrap\" data-name=\"your-phone\"><input size=\"40\" maxlength=\"400\" class=\"wpcf7-form-control wpcf7-text\" aria-invalid=\"false\" placeholder=\"Tel\u00e9fono\" value=\"\" type=\"text\" name=\"your-phone\" \/><\/span><br \/>\n<span class=\"wpcf7-form-control-wrap\" data-name=\"your-language\"><input size=\"40\" maxlength=\"400\" class=\"wpcf7-form-control wpcf7-text wpcf7-validates-as-required\" aria-required=\"true\" aria-invalid=\"false\" placeholder=\"Idioma *\" value=\"\" type=\"text\" name=\"your-language\" \/><\/span><br \/>\n<span class=\"wpcf7-form-control-wrap\" data-name=\"your-message\"><textarea cols=\"40\" rows=\"10\" maxlength=\"2000\" class=\"wpcf7-form-control wpcf7-textarea\" aria-invalid=\"false\" placeholder=\"Mensaje\" name=\"your-message\"><\/textarea><\/span>\n<\/p>\n<div class=\"col-md-6 cf7_file\">\n\t<p><label style=\"border:1px solid #ddd;padding:8px 0.75em;height:40px;background-color:#fff;font-weight:500;color:#101010;\">Adjuntar archivo (m\u00e1x 10 mb)<br \/>\n<span class=\"wpcf7-form-control-wrap\" data-name=\"arch-1\"><input size=\"40\" class=\"wpcf7-form-control wpcf7-file\" accept=\".zip,.rar,.doc,.docx,.pdf,.jpg,.jpeg,.png\" aria-invalid=\"false\" type=\"file\" name=\"arch-1\" \/><\/span> <\/label>\n\t<\/p>\n\t<p style=\"font-size:12px;margin-bottom:10px;\">\n\t<\/p>\n<\/div>\n<p style=\"margin-bottom:10px;\">\n<span class=\"wpcf7-form-control-wrap recaptcha\" data-name=\"recaptcha\"><span data-sitekey=\"6Le87VQrAAAAAAs28r4PaZJLGmIjhUTkH2vXUfxF\" class=\"wpcf7-form-control wpcf7-recaptcha g-recaptcha\"><\/span>\r\n<noscript>\r\n\t<div class=\"grecaptcha-noscript\">\r\n\t\t<iframe loading=\"lazy\" src=\"https:\/\/www.recaptcha.net\/recaptcha\/api\/fallback?k=6Le87VQrAAAAAAs28r4PaZJLGmIjhUTkH2vXUfxF\" frameborder=\"0\" scrolling=\"no\" width=\"310\" height=\"430\">\r\n\t\t<\/iframe>\r\n\t\t<textarea name=\"g-recaptcha-response\" rows=\"3\" cols=\"40\" placeholder=\"Aqu\u00ed la respuesta de reCAPTCHA\">\r\n\t\t<\/textarea>\r\n\t<\/div>\r\n<\/noscript>\r\n<\/span>\n<\/p>\n<p><input class=\"wpcf7-form-control wpcf7-submit has-spinner\" type=\"submit\" value=\"ENVIAR\" \/>\n<\/p>\n<style>input[type=email],input[type=text],select,textarea{border:1px solid #676e78;}\ninput[type=\"file\"]{text-indent:-152px;line-height:40px;padding:10px !important;}\n.wpcf7 input[type=\"file\"]{margin-top:0px !important;margin-bottom:30px !important;}\n.wpcf7 input[type=\"file\"]{margin-left:-12px !important;}\ninput[type='submit']{margin-top:10px !important;}\n.wpcf7 label{border:1px solid #676e78 !important;}\n<\/style><div class=\"wpcf7-response-output\" aria-hidden=\"true\"><\/div>\n<\/form>\n<\/div>\n\n\t\t<\/div>\n\t\t\t\t\n<style>\n#col-79638598 > .col-inner {\n  margin: 10px 0px -50px 0px;\n}\n<\/style>\n\t<\/div>\n\n\t\n<\/div>\n\t\t<\/div>\n\n\t\t\n<style>\n#section_597417764 {\n  padding-top: 41px;\n  padding-bottom: 41px;\n  background-color: rgb(255, 255, 255);\n}\n#section_597417764 .section-bg-overlay {\n  background-color: rgba(255, 255, 255, 0.85);\n}\n<\/style>\n\t<\/section>\n\t\n\n\t<section class=\"section dark\" id=\"section_90199206\">\n\t\t<div class=\"section-bg fill\" >\n\t\t\t\t\t\t\t\t\t\n\t\t\t\n\n\t\t<\/div>\n\n\t\t\n\n\t\t<div class=\"section-content relative\">\n\t\t\t\n<div class=\"row row-collapse row-full-width align-equal align-center\"  id=\"row-1865149164\">\n\n\t<div id=\"col-1418963274\" class=\"col medium-12 small-12 large-12\"  >\n\t\t\t\t<div class=\"col-inner\" style=\"background-color:rgb(255,255,255);\" >\n\t\t\t\n\t\t\t\n<p><iframe loading=\"lazy\" style=\"border: 0;\" src=\"https:\/\/www.google.com\/maps\/embed?pb=!1m18!1m12!1m3!1d3283.543061065391!2d-58.44239472524227!3d-34.61571437295001!2m3!1f0!2f0!3f0!3m2!1i1024!2i768!4f13.1!3m3!1m2!1s0x95bcca40740947df%3A0x2553d5697e04227!2sNeuqu%C3%A9n%20659%2C%20C1405CKC%20Cdad.%20Aut%C3%B3noma%20de%20Buenos%20Aires!5e0!3m2!1ses!2sar!4v1748723826616!5m2!1ses!2sar\" width=\"100%\" height=\"350\" allowfullscreen=\"allowfullscreen\"><\/iframe><\/p>\n\t\t<\/div>\n\t\t\t\t\n<style>\n#col-1418963274 > .col-inner {\n  margin: 0px 0px -6px 0px;\n}\n<\/style>\n\t<\/div>\n\n\t\n\n<style>\n#row-1865149164 > .col > .col-inner {\n  padding: 0px 0px 0px 0px;\n}\n<\/style>\n<\/div>\n\t\t<\/div>\n\n\t\t\n<style>\n#section_90199206 {\n  padding-top: 0px;\n  padding-bottom: 0px;\n  margin-bottom: 0px;\n}\n<\/style>\n\t<\/section>\n\t\n","protected":false},"excerpt":{"rendered":"","protected":false},"author":2,"featured_media":0,"parent":6091,"menu_order":0,"comment_status":"closed","ping_status":"closed","template":"page-blank.php","meta":{"_joinchat":[],"footnotes":""},"class_list":["post-6094","page","type-page","status-publish","hentry"],"yoast_head":"<!-- This site is optimized with the Yoast SEO plugin v25.3 - https:\/\/yoast.com\/wordpress\/plugins\/seo\/ -->\n<title>Comun\u00edquese con nosotros<\/title>\n<meta name=\"description\" content=\"P\u00f3ngase en contacto a trav\u00e9s de nuestro formulario, o por correo electr\u00f3nico, tel\u00e9fono, WhatsApp o Signal. Aguardamos su consulta.\" \/>\n<meta name=\"robots\" content=\"index, follow, max-snippet:-1, max-image-preview:large, max-video-preview:-1\" \/>\n<link rel=\"canonical\" href=\"https:\/\/estudionsg.com\/es\/contactanos\/\" \/>\n<meta property=\"og:locale\" content=\"es_ES\" \/>\n<meta property=\"og:type\" content=\"article\" \/>\n<meta property=\"og:title\" content=\"Comun\u00edquese con nosotros\" \/>\n<meta property=\"og:description\" content=\"P\u00f3ngase en contacto a trav\u00e9s de nuestro formulario, o por correo electr\u00f3nico, tel\u00e9fono, WhatsApp o Signal. Aguardamos su consulta.\" \/>\n<meta property=\"og:url\" content=\"https:\/\/estudionsg.com\/es\/contactanos\/\" \/>\n<meta property=\"og:site_name\" content=\"Estudio NSG\" \/>\n<meta property=\"article:modified_time\" content=\"2025-07-06T23:28:38+00:00\" \/>\n<meta name=\"twitter:card\" content=\"summary_large_image\" \/>\n<meta name=\"twitter:label1\" content=\"Tiempo de lectura\" \/>\n\t<meta name=\"twitter:data1\" content=\"2 minutos\" \/>\n<script type=\"application\/ld+json\" class=\"yoast-schema-graph\">{\"@context\":\"https:\/\/schema.org\",\"@graph\":[{\"@type\":\"WebPage\",\"@id\":\"https:\/\/estudionsg.com\/es\/contactanos\/\",\"url\":\"https:\/\/estudionsg.com\/es\/contactanos\/\",\"name\":\"Comun\u00edquese con nosotros\",\"isPartOf\":{\"@id\":\"https:\/\/estudionsg.com\/#website\"},\"datePublished\":\"2019-09-28T13:20:37+00:00\",\"dateModified\":\"2025-07-06T23:28:38+00:00\",\"description\":\"P\u00f3ngase en contacto a trav\u00e9s de nuestro formulario, o por correo electr\u00f3nico, tel\u00e9fono, WhatsApp o Signal. Aguardamos su consulta.\",\"breadcrumb\":{\"@id\":\"https:\/\/estudionsg.com\/es\/contactanos\/#breadcrumb\"},\"inLanguage\":\"es\",\"potentialAction\":[{\"@type\":\"ReadAction\",\"target\":[\"https:\/\/estudionsg.com\/es\/contactanos\/\"]}]},{\"@type\":\"BreadcrumbList\",\"@id\":\"https:\/\/estudionsg.com\/es\/contactanos\/#breadcrumb\",\"itemListElement\":[{\"@type\":\"ListItem\",\"position\":1,\"name\":\"Home\",\"item\":\"https:\/\/estudionsg.com\/es\/\"},{\"@type\":\"ListItem\",\"position\":2,\"name\":\"Contacto\"}]},{\"@type\":\"WebSite\",\"@id\":\"https:\/\/estudionsg.com\/#website\",\"url\":\"https:\/\/estudionsg.com\/\",\"name\":\"Estudio NSG\",\"description\":\"\",\"publisher\":{\"@id\":\"https:\/\/estudionsg.com\/#organization\"},\"potentialAction\":[{\"@type\":\"SearchAction\",\"target\":{\"@type\":\"EntryPoint\",\"urlTemplate\":\"https:\/\/estudionsg.com\/?s={search_term_string}\"},\"query-input\":{\"@type\":\"PropertyValueSpecification\",\"valueRequired\":true,\"valueName\":\"search_term_string\"}}],\"inLanguage\":\"es\"},{\"@type\":\"Organization\",\"@id\":\"https:\/\/estudionsg.com\/#organization\",\"name\":\"Estudio NSG\",\"url\":\"https:\/\/estudionsg.com\/\",\"logo\":{\"@type\":\"ImageObject\",\"inLanguage\":\"es\",\"@id\":\"https:\/\/estudionsg.com\/#\/schema\/logo\/image\/\",\"url\":\"https:\/\/estudionsg.com\/wp-content\/uploads\/2025\/06\/EstudioNSG-ESP.png\",\"contentUrl\":\"https:\/\/estudionsg.com\/wp-content\/uploads\/2025\/06\/EstudioNSG-ESP.png\",\"width\":1019,\"height\":278,\"caption\":\"Estudio NSG\"},\"image\":{\"@id\":\"https:\/\/estudionsg.com\/#\/schema\/logo\/image\/\"},\"sameAs\":[\"https:\/\/www.linkedin.com\/in\/nataliaguerract\"]}]}<\/script>\n<!-- \/ Yoast SEO plugin. -->","yoast_head_json":{"title":"Comun\u00edquese con nosotros","description":"P\u00f3ngase en contacto a trav\u00e9s de nuestro formulario, o por correo electr\u00f3nico, tel\u00e9fono, WhatsApp o Signal. Aguardamos su consulta.","robots":{"index":"index","follow":"follow","max-snippet":"max-snippet:-1","max-image-preview":"max-image-preview:large","max-video-preview":"max-video-preview:-1"},"canonical":"https:\/\/estudionsg.com\/es\/contactanos\/","og_locale":"es_ES","og_type":"article","og_title":"Comun\u00edquese con nosotros","og_description":"P\u00f3ngase en contacto a trav\u00e9s de nuestro formulario, o por correo electr\u00f3nico, tel\u00e9fono, WhatsApp o Signal. Aguardamos su consulta.","og_url":"https:\/\/estudionsg.com\/es\/contactanos\/","og_site_name":"Estudio NSG","article_modified_time":"2025-07-06T23:28:38+00:00","twitter_card":"summary_large_image","twitter_misc":{"Tiempo de lectura":"2 minutos"},"schema":{"@context":"https:\/\/schema.org","@graph":[{"@type":"WebPage","@id":"https:\/\/estudionsg.com\/es\/contactanos\/","url":"https:\/\/estudionsg.com\/es\/contactanos\/","name":"Comun\u00edquese con nosotros","isPartOf":{"@id":"https:\/\/estudionsg.com\/#website"},"datePublished":"2019-09-28T13:20:37+00:00","dateModified":"2025-07-06T23:28:38+00:00","description":"P\u00f3ngase en contacto a trav\u00e9s de nuestro formulario, o por correo electr\u00f3nico, tel\u00e9fono, WhatsApp o Signal. Aguardamos su consulta.","breadcrumb":{"@id":"https:\/\/estudionsg.com\/es\/contactanos\/#breadcrumb"},"inLanguage":"es","potentialAction":[{"@type":"ReadAction","target":["https:\/\/estudionsg.com\/es\/contactanos\/"]}]},{"@type":"BreadcrumbList","@id":"https:\/\/estudionsg.com\/es\/contactanos\/#breadcrumb","itemListElement":[{"@type":"ListItem","position":1,"name":"Home","item":"https:\/\/estudionsg.com\/es\/"},{"@type":"ListItem","position":2,"name":"Contacto"}]},{"@type":"WebSite","@id":"https:\/\/estudionsg.com\/#website","url":"https:\/\/estudionsg.com\/","name":"Estudio NSG","description":"","publisher":{"@id":"https:\/\/estudionsg.com\/#organization"},"potentialAction":[{"@type":"SearchAction","target":{"@type":"EntryPoint","urlTemplate":"https:\/\/estudionsg.com\/?s={search_term_string}"},"query-input":{"@type":"PropertyValueSpecification","valueRequired":true,"valueName":"search_term_string"}}],"inLanguage":"es"},{"@type":"Organization","@id":"https:\/\/estudionsg.com\/#organization","name":"Estudio NSG","url":"https:\/\/estudionsg.com\/","logo":{"@type":"ImageObject","inLanguage":"es","@id":"https:\/\/estudionsg.com\/#\/schema\/logo\/image\/","url":"https:\/\/estudionsg.com\/wp-content\/uploads\/2025\/06\/EstudioNSG-ESP.png","contentUrl":"https:\/\/estudionsg.com\/wp-content\/uploads\/2025\/06\/EstudioNSG-ESP.png","width":1019,"height":278,"caption":"Estudio NSG"},"image":{"@id":"https:\/\/estudionsg.com\/#\/schema\/logo\/image\/"},"sameAs":["https:\/\/www.linkedin.com\/in\/nataliaguerract"]}]}},"_links":{"self":[{"href":"https:\/\/estudionsg.com\/es\/wp-json\/wp\/v2\/pages\/6094","targetHints":{"allow":["GET"]}}],"collection":[{"href":"https:\/\/estudionsg.com\/es\/wp-json\/wp\/v2\/pages"}],"about":[{"href":"https:\/\/estudionsg.com\/es\/wp-json\/wp\/v2\/types\/page"}],"author":[{"embeddable":true,"href":"https:\/\/estudionsg.com\/es\/wp-json\/wp\/v2\/users\/2"}],"replies":[{"embeddable":true,"href":"https:\/\/estudionsg.com\/es\/wp-json\/wp\/v2\/comments?post=6094"}],"version-history":[{"count":3,"href":"https:\/\/estudionsg.com\/es\/wp-json\/wp\/v2\/pages\/6094\/revisions"}],"predecessor-version":[{"id":6331,"href":"https:\/\/estudionsg.com\/es\/wp-json\/wp\/v2\/pages\/6094\/revisions\/6331"}],"up":[{"embeddable":true,"href":"https:\/\/estudionsg.com\/es\/wp-json\/wp\/v2\/pages\/6091"}],"wp:attachment":[{"href":"https:\/\/estudionsg.com\/es\/wp-json\/wp\/v2\/media?parent=6094"}],"curies":[{"name":"wp","href":"https:\/\/api.w.org\/{rel}","templated":true}]}}