{"id":6105,"date":"2019-09-27T15:13:48","date_gmt":"2019-09-27T18:13:48","guid":{"rendered":"https:\/\/estudionsg.navarronoticias.com\/who-we-are\/"},"modified":"2025-07-06T18:41:33","modified_gmt":"2025-07-06T21:41:33","slug":"quienes-somos","status":"publish","type":"page","link":"https:\/\/estudionsg.com\/es\/home\/quienes-somos\/","title":{"rendered":"Qui\u00e9nes somos"},"content":{"rendered":"\n\t<section class=\"section portadas\" id=\"section_566484913\">\n\t\t<div class=\"section-bg fill\" >\n\t\t\t\t\t\t\t\t\t\n\t\t\t\n\n\t\t<\/div>\n\n\t\t\n\n\t\t<div class=\"section-content relative\">\n\t\t\t\n\n  <div class=\"banner has-hover\" id=\"banner-220174457\">\n          <div class=\"banner-inner fill\">\n        <div class=\"banner-bg fill\" >\n            <img loading=\"lazy\" decoding=\"async\" width=\"2500\" height=\"606\" src=\"https:\/\/estudionsg.com\/wp-content\/uploads\/2025\/05\/Banda-para-cada-seccion.png\" class=\"bg attachment-original size-original\" alt=\"Standard Translations\" \/>                                    \n                    <\/div>\n\t\t\n        <div class=\"banner-layers container\">\n            <div class=\"fill banner-link\"><\/div>            \n   <div id=\"text-box-920450052\" class=\"text-box banner-layer x50 md-x50 lg-x0 y50 md-y50 lg-y70 res-text\">\n                                <div class=\"text-box-content text dark\">\n              \n              <div class=\"text-inner text-left\">\n                  \n\t<div id=\"text-3574646094\" class=\"text cabecera\">\n\t\t\n<h2>QUI\u00c9NES SOMOS<\/h2>\n\t\t\t<\/div>\n\t\n              <\/div>\n           <\/div>\n                            \n<style>\n#text-box-920450052 {\n  margin: 0px 0px 0px 0px;\n  width: 90%;\n}\n#text-box-920450052 .text-box-content {\n  font-size: 80%;\n}\n@media (min-width:550px) {\n  #text-box-920450052 {\n    width: 90%;\n  }\n  #text-box-920450052 .text-box-content {\n    font-size: 100%;\n  }\n}\n@media (min-width:850px) {\n  #text-box-920450052 {\n    margin: 0px 0px 0px 15px;\n    width: 48%;\n  }\n}\n<\/style>\n    <\/div>\n \n        <\/div>\n      <\/div>\n\n            \n<style>\n#banner-220174457 {\n  padding-top: 128px;\n  background-color: rgb(244, 244, 244);\n}\n#banner-220174457 .overlay {\n  background-color: rgba(0,0,0,.5);\n}\n#banner-220174457 .banner-bg img {\n  object-position: 55% 100%;\n}\n@media (min-width:550px) {\n  #banner-220174457 {\n    padding-top: 130px;\n  }\n  #banner-220174457 .overlay {\n    background-color: rgba(0,0,0,.5);\n  }\n}\n@media (min-width:850px) {\n  #banner-220174457 {\n    padding-top: 239px;\n  }\n}\n<\/style>\n  <\/div>\n\n\n\t\t<\/div>\n\n\t\t\n<style>\n#section_566484913 {\n  padding-top: 0px;\n  padding-bottom: 0px;\n}\n@media (min-width:550px) {\n  #section_566484913 {\n    padding-top: 0px;\n    padding-bottom: 0px;\n  }\n}\n@media (min-width:850px) {\n  #section_566484913 {\n    padding-top: 0px;\n    padding-bottom: 0px;\n  }\n}\n<\/style>\n\t<\/section>\n\t\n\n\t<section class=\"section\" id=\"section_284942550\">\n\t\t<div class=\"section-bg fill\" >\n\t\t\t\t\t\t\t\t\t<div class=\"section-bg-overlay absolute fill\"><\/div>\n\t\t\t\n\t<div class=\"is-border\"\n\t\tstyle=\"border-width:1px 0px 0px 0px;margin:0px 0px 0px 0px;\">\n\t<\/div>\n\n\t\t<\/div>\n\n\t\t\n\n\t\t<div class=\"section-content relative\">\n\t\t\t\n<div class=\"row align-center\"  id=\"row-1094353144\">\n\n\t<div id=\"col-628977421\" class=\"col medium-10 small-12 large-10\"  >\n\t\t\t\t<div class=\"col-inner\"  >\n\t\t\t\n\t\t\t\n<h1 style=\"text-align: center;\">Sobre el Estudio<\/h1>\n<div class=\"text-center\"><div class=\"is-divider divider clearfix\" style=\"margin-top:0.5em;margin-bottom:0.5em;max-width:90px;\"><\/div><\/div>\n\t<div id=\"gap-1504925861\" class=\"gap-element clearfix\" style=\"display:block; height:auto;\">\n\t\t\n<style>\n#gap-1504925861 {\n  padding-top: 30px;\n}\n<\/style>\n\t<\/div>\n\t\n<p style=\"text-align: justify;\"><span style=\"font-weight: 400; color: #181818;\">Estudio NSG es un proveedor de soluciones ling\u00fc\u00edsticas especializadas que constantemente se adapta a las distintas necesidades de sus clientes. Nuestro objetivo es brindar asistencia a empresas y personas f\u00edsicas para que puedan concretar de forma exitosa sus proyectos personales, profesionales y comerciales. Asimismo, proporcionamos asesor\u00eda presencial y remota, lo cual permite a nuestros clientes <a style=\"color: #181818;\" href=\"https:\/\/estudionsg.com\/es\/contactanos\/\">comunicarse<\/a> desde cualquier parte del mundo.\u00a0\u00a0<\/span><\/p>\n\t<div id=\"gap-189221248\" class=\"gap-element clearfix\" style=\"display:block; height:auto;\">\n\t\t\n<style>\n#gap-189221248 {\n  padding-top: 30px;\n}\n<\/style>\n\t<\/div>\n\t\n\t\t<\/div>\n\t\t\t\t\n<style>\n#col-628977421 > .col-inner {\n  margin: 0px 0px -9px 0px;\n}\n<\/style>\n\t<\/div>\n\n\t\n<\/div>\n<div class=\"row align-center\"  id=\"row-718120282\">\n\n\t<div id=\"col-1255389447\" class=\"col medium-10 small-12 large-8\"  >\n\t\t\t\t<div class=\"col-inner\"  >\n\t\t\t\n\t\t\t\n<h2 style=\"text-align: center;\">Sobre nuestra fundadora<\/h2>\n<div class=\"text-center\"><div class=\"is-divider divider clearfix\" style=\"margin-top:0.5em;margin-bottom:0.5em;max-width:90px;\"><\/div><\/div>\n\t<div id=\"gap-1283374983\" class=\"gap-element clearfix\" style=\"display:block; height:auto;\">\n\t\t\n<style>\n#gap-1283374983 {\n  padding-top: 30px;\n}\n<\/style>\n\t<\/div>\n\t\n\t\t<\/div>\n\t\t\t\t\n<style>\n#col-1255389447 > .col-inner {\n  margin: 0px 0px -9px 0px;\n}\n<\/style>\n\t<\/div>\n\n\t\n\n\t<div id=\"col-1143292170\" class=\"col medium-12 small-12 large-5\"  >\n\t\t\t\t<div class=\"col-inner text-left\"  >\n\t\t\t\n\t\t\t\n\t<div class=\"img has-hover x md-x lg-x y md-y lg-y\" id=\"image_1248012961\">\n\t\t\t\t\t\t<div data-animate=\"fadeInLeft\">\t\t<div class=\"img-inner box-shadow-2 dark\" >\n\t\t\t<img loading=\"lazy\" decoding=\"async\" width=\"1200\" height=\"1350\" src=\"https:\/\/estudionsg.com\/wp-content\/uploads\/2025\/06\/Foto-perfil-Estudio-NSG-2025-ref-1.jpg\" class=\"attachment-original size-original\" alt=\"Soluciones ling\u00fc\u00edsticas\" srcset=\"https:\/\/estudionsg.com\/wp-content\/uploads\/2025\/06\/Foto-perfil-Estudio-NSG-2025-ref-1.jpg 1200w, https:\/\/estudionsg.com\/wp-content\/uploads\/2025\/06\/Foto-perfil-Estudio-NSG-2025-ref-1-768x864.jpg 768w\" sizes=\"auto, (max-width: 1200px) 100vw, 1200px\" \/>\t\t\t\t\t\t\n\t\t\t\t\t<\/div>\n\t\t<\/div>\t\t\t\t\t\t\n<style>\n#image_1248012961 {\n  width: 98%;\n}\n<\/style>\n\t<\/div>\n\t\n\t\t<\/div>\n\t\t\t\t\n<style>\n#col-1143292170 > .col-inner {\n  padding: 0px 0px 0px 0px;\n  margin: 0px 0px 0px 0px;\n}\n<\/style>\n\t<\/div>\n\n\t\n\n\t<div id=\"col-1520298173\" class=\"col medium-12 small-12 large-5\"  >\n\t\t\t\t<div class=\"col-inner text-left\"  >\n\t\t\t\n\t\t\t\n<p style=\"text-align: justify;\"><span style=\"font-weight: 400;\">Natalia Silvina Guerra es traductora p\u00fablica en idioma ingl\u00e9s, int\u00e9rprete de conferencias y oradora egresada de la Facultad de Derecho de la Universidad de Buenos Aires. Adem\u00e1s, posee un t\u00edtulo de Bachiller Universitaria en Derecho de la misma instituci\u00f3n. A lo largo de su carrera como profesional independiente, prest\u00f3 servicios tanto como traductora e int\u00e9rprete para clientes particulares, estudios jur\u00eddicos, autoridades migratorias, instituciones educativas y agencias de cuidado de la salud de todo el mundo. Asimismo, ejerci\u00f3 como perito traductora durante diez a\u00f1os en los tribunales federales de la Ciudad Aut\u00f3noma de Buenos Aires. Desde 2010, forma parte de la matricula del Colegio de Traductores P\u00fablicos de la Ciudad de Buenos Aires <a href=\"https:\/\/www.traductores.org.ar\/\" target=\"_blank\" rel=\"noopener\">(CTPCBA),<\/a> instituci\u00f3n en la cual se desempe\u00f1\u00f3 como coordinadora de la Comisi\u00f3n de Cultura y miembro de la Comisi\u00f3n de Econom\u00eda y Finanzas durante cinco a\u00f1os. En 2022, con el objeto de expandir sus horizontes profesionales, se uni\u00f3 a la American Translators Association <a href=\"https:\/\/www.atanet.org\/\" target=\"_blank\" rel=\"noopener\">(ATA)<\/a> y, desde ese entonces, forma parte de la Comisi\u00f3n Jur\u00eddica. Sus principales \u00e1mbitos de especializaci\u00f3n son: derecho, migraciones, finanzas, recursos humanos, educaci\u00f3n y cuidado de la salud.<\/span><\/p>\n\n\t<a class=\"plain\" href=\"https:\/\/www.linkedin.com\/in\/nataliaguerract\" target=\"_blank\" rel=\"noopener\" >\t<div class=\"icon-box featured-box icon-box-left text-left\"  style=\"margin:-10px 0px 0px -7px;\">\n\t\t\t\t\t<div class=\"icon-box-img\" style=\"width: 49px\">\n\t\t\t\t<div class=\"icon\">\n\t\t\t\t\t<div class=\"icon-inner\" style=\"color:rgb(126, 23, 18);\">\n\t\t\t\t\t\t<?xml version=\"1.0\" encoding=\"utf-8\"?><!-- Uploaded to: SVG Repo, www.svgrepo.com, Generator: SVG Repo Mixer Tools -->\r\n<svg width=\"800px\" height=\"800px\" viewBox=\"0 0 24 24\" fill=\"none\" xmlns=\"http:\/\/www.w3.org\/2000\/svg\">\r\n<path d=\"M18.72 3.99997H5.37C5.19793 3.99191 5.02595 4.01786 4.86392 4.07635C4.70189 4.13484 4.55299 4.22471 4.42573 4.34081C4.29848 4.45692 4.19537 4.59699 4.12232 4.75299C4.04927 4.909 4.0077 5.07788 4 5.24997V18.63C4.01008 18.9901 4.15766 19.3328 4.41243 19.5875C4.6672 19.8423 5.00984 19.9899 5.37 20H18.72C19.0701 19.9844 19.4002 19.8322 19.6395 19.5761C19.8788 19.32 20.0082 18.9804 20 18.63V5.24997C20.0029 5.08247 19.9715 4.91616 19.9078 4.76122C19.8441 4.60629 19.7494 4.466 19.6295 4.34895C19.5097 4.23191 19.3672 4.14059 19.2108 4.08058C19.0544 4.02057 18.8874 3.99314 18.72 3.99997ZM9 17.34H6.67V10.21H9V17.34ZM7.89 9.12997C7.72741 9.13564 7.5654 9.10762 7.41416 9.04768C7.26291 8.98774 7.12569 8.89717 7.01113 8.78166C6.89656 8.66615 6.80711 8.5282 6.74841 8.37647C6.6897 8.22474 6.66301 8.06251 6.67 7.89997C6.66281 7.73567 6.69004 7.57169 6.74995 7.41854C6.80986 7.26538 6.90112 7.12644 7.01787 7.01063C7.13463 6.89481 7.2743 6.80468 7.42793 6.74602C7.58157 6.68735 7.74577 6.66145 7.91 6.66997C8.07259 6.66431 8.2346 6.69232 8.38584 6.75226C8.53709 6.8122 8.67431 6.90277 8.78887 7.01828C8.90344 7.13379 8.99289 7.27174 9.05159 7.42347C9.1103 7.5752 9.13699 7.73743 9.13 7.89997C9.13719 8.06427 9.10996 8.22825 9.05005 8.3814C8.99014 8.53456 8.89888 8.6735 8.78213 8.78931C8.66537 8.90513 8.5257 8.99526 8.37207 9.05392C8.21843 9.11259 8.05423 9.13849 7.89 9.12997ZM17.34 17.34H15V13.44C15 12.51 14.67 11.87 13.84 11.87C13.5822 11.8722 13.3313 11.9541 13.1219 12.1045C12.9124 12.2549 12.7546 12.4664 12.67 12.71C12.605 12.8926 12.5778 13.0865 12.59 13.28V17.34H10.29V10.21H12.59V11.21C12.7945 10.8343 13.0988 10.5225 13.4694 10.3089C13.84 10.0954 14.2624 9.98848 14.69 9.99997C16.2 9.99997 17.34 11 17.34 13.13V17.34Z\" fill=\"#000000\"\/>\r\n<\/svg>\t\t\t\t\t<\/div>\n\t\t\t\t<\/div>\n\t\t\t<\/div>\n\t\t\t\t<div class=\"icon-box-text last-reset\">\n\t\t\t\t\t\t\t\t\t\n\t\t<\/div>\n\t<\/div>\n\t<\/a>\n\t\n\t\t<\/div>\n\t\t\t\t\n<style>\n#col-1520298173 > .col-inner {\n  padding: 0px 0px 0px 0px;\n  margin: 0px 0px -40px 0px;\n}\n<\/style>\n\t<\/div>\n\n\t\n<\/div>\n\t\t<\/div>\n\n\t\t\n<style>\n#section_284942550 {\n  padding-top: 40px;\n  padding-bottom: 40px;\n  background-color: rgb(255, 255, 255);\n}\n#section_284942550 .section-bg-overlay {\n  background-color: rgba(255, 255, 255, 0.85);\n}\n<\/style>\n\t<\/section>\n\t\n","protected":false},"excerpt":{"rendered":"","protected":false},"author":2,"featured_media":0,"parent":6091,"menu_order":0,"comment_status":"closed","ping_status":"closed","template":"page-blank.php","meta":{"_joinchat":[],"footnotes":""},"class_list":["post-6105","page","type-page","status-publish","hentry"],"yoast_head":"<!-- This site is optimized with the Yoast SEO plugin v25.3 - https:\/\/yoast.com\/wordpress\/plugins\/seo\/ -->\n<title>Qui\u00e9nes somos<\/title>\n<meta name=\"description\" content=\"Nuestro objetivo es brindar asistencia ling\u00fc\u00edstica a empresas y personas en todas partes del mundo. Ofrecemos asesor\u00eda presencial y remota.\" \/>\n<meta name=\"robots\" content=\"index, follow, max-snippet:-1, max-image-preview:large, max-video-preview:-1\" \/>\n<link rel=\"canonical\" href=\"https:\/\/estudionsg.com\/es\/quienes-somos\/\" \/>\n<meta property=\"og:locale\" content=\"es_ES\" \/>\n<meta property=\"og:type\" content=\"article\" \/>\n<meta property=\"og:title\" content=\"Qui\u00e9nes somos\" \/>\n<meta property=\"og:description\" content=\"Nuestro objetivo es brindar asistencia ling\u00fc\u00edstica a empresas y personas en todas partes del mundo. Ofrecemos asesor\u00eda presencial y remota.\" \/>\n<meta property=\"og:url\" content=\"https:\/\/estudionsg.com\/es\/quienes-somos\/\" \/>\n<meta property=\"og:site_name\" content=\"Estudio NSG\" \/>\n<meta property=\"article:modified_time\" content=\"2025-07-06T21:41:33+00:00\" \/>\n<meta name=\"twitter:card\" content=\"summary_large_image\" \/>\n<meta name=\"twitter:label1\" content=\"Tiempo de lectura\" \/>\n\t<meta name=\"twitter:data1\" content=\"2 minutos\" \/>\n<script type=\"application\/ld+json\" class=\"yoast-schema-graph\">{\"@context\":\"https:\/\/schema.org\",\"@graph\":[{\"@type\":\"WebPage\",\"@id\":\"https:\/\/estudionsg.com\/es\/quienes-somos\/\",\"url\":\"https:\/\/estudionsg.com\/es\/quienes-somos\/\",\"name\":\"Qui\u00e9nes somos\",\"isPartOf\":{\"@id\":\"https:\/\/estudionsg.com\/#website\"},\"datePublished\":\"2019-09-27T18:13:48+00:00\",\"dateModified\":\"2025-07-06T21:41:33+00:00\",\"description\":\"Nuestro objetivo es brindar asistencia ling\u00fc\u00edstica a empresas y personas en todas partes del mundo. Ofrecemos asesor\u00eda presencial y remota.\",\"breadcrumb\":{\"@id\":\"https:\/\/estudionsg.com\/es\/quienes-somos\/#breadcrumb\"},\"inLanguage\":\"es\",\"potentialAction\":[{\"@type\":\"ReadAction\",\"target\":[\"https:\/\/estudionsg.com\/es\/quienes-somos\/\"]}]},{\"@type\":\"BreadcrumbList\",\"@id\":\"https:\/\/estudionsg.com\/es\/quienes-somos\/#breadcrumb\",\"itemListElement\":[{\"@type\":\"ListItem\",\"position\":1,\"name\":\"Home\",\"item\":\"https:\/\/estudionsg.com\/es\/\"},{\"@type\":\"ListItem\",\"position\":2,\"name\":\"Qui\u00e9nes somos\"}]},{\"@type\":\"WebSite\",\"@id\":\"https:\/\/estudionsg.com\/#website\",\"url\":\"https:\/\/estudionsg.com\/\",\"name\":\"Estudio NSG\",\"description\":\"\",\"publisher\":{\"@id\":\"https:\/\/estudionsg.com\/#organization\"},\"potentialAction\":[{\"@type\":\"SearchAction\",\"target\":{\"@type\":\"EntryPoint\",\"urlTemplate\":\"https:\/\/estudionsg.com\/?s={search_term_string}\"},\"query-input\":{\"@type\":\"PropertyValueSpecification\",\"valueRequired\":true,\"valueName\":\"search_term_string\"}}],\"inLanguage\":\"es\"},{\"@type\":\"Organization\",\"@id\":\"https:\/\/estudionsg.com\/#organization\",\"name\":\"Estudio NSG\",\"url\":\"https:\/\/estudionsg.com\/\",\"logo\":{\"@type\":\"ImageObject\",\"inLanguage\":\"es\",\"@id\":\"https:\/\/estudionsg.com\/#\/schema\/logo\/image\/\",\"url\":\"https:\/\/estudionsg.com\/wp-content\/uploads\/2025\/06\/EstudioNSG-ESP.png\",\"contentUrl\":\"https:\/\/estudionsg.com\/wp-content\/uploads\/2025\/06\/EstudioNSG-ESP.png\",\"width\":1019,\"height\":278,\"caption\":\"Estudio NSG\"},\"image\":{\"@id\":\"https:\/\/estudionsg.com\/#\/schema\/logo\/image\/\"},\"sameAs\":[\"https:\/\/www.linkedin.com\/in\/nataliaguerract\"]}]}<\/script>\n<!-- \/ Yoast SEO plugin. -->","yoast_head_json":{"title":"Qui\u00e9nes somos","description":"Nuestro objetivo es brindar asistencia ling\u00fc\u00edstica a empresas y personas en todas partes del mundo. Ofrecemos asesor\u00eda presencial y remota.","robots":{"index":"index","follow":"follow","max-snippet":"max-snippet:-1","max-image-preview":"max-image-preview:large","max-video-preview":"max-video-preview:-1"},"canonical":"https:\/\/estudionsg.com\/es\/quienes-somos\/","og_locale":"es_ES","og_type":"article","og_title":"Qui\u00e9nes somos","og_description":"Nuestro objetivo es brindar asistencia ling\u00fc\u00edstica a empresas y personas en todas partes del mundo. Ofrecemos asesor\u00eda presencial y remota.","og_url":"https:\/\/estudionsg.com\/es\/quienes-somos\/","og_site_name":"Estudio NSG","article_modified_time":"2025-07-06T21:41:33+00:00","twitter_card":"summary_large_image","twitter_misc":{"Tiempo de lectura":"2 minutos"},"schema":{"@context":"https:\/\/schema.org","@graph":[{"@type":"WebPage","@id":"https:\/\/estudionsg.com\/es\/quienes-somos\/","url":"https:\/\/estudionsg.com\/es\/quienes-somos\/","name":"Qui\u00e9nes somos","isPartOf":{"@id":"https:\/\/estudionsg.com\/#website"},"datePublished":"2019-09-27T18:13:48+00:00","dateModified":"2025-07-06T21:41:33+00:00","description":"Nuestro objetivo es brindar asistencia ling\u00fc\u00edstica a empresas y personas en todas partes del mundo. Ofrecemos asesor\u00eda presencial y remota.","breadcrumb":{"@id":"https:\/\/estudionsg.com\/es\/quienes-somos\/#breadcrumb"},"inLanguage":"es","potentialAction":[{"@type":"ReadAction","target":["https:\/\/estudionsg.com\/es\/quienes-somos\/"]}]},{"@type":"BreadcrumbList","@id":"https:\/\/estudionsg.com\/es\/quienes-somos\/#breadcrumb","itemListElement":[{"@type":"ListItem","position":1,"name":"Home","item":"https:\/\/estudionsg.com\/es\/"},{"@type":"ListItem","position":2,"name":"Qui\u00e9nes somos"}]},{"@type":"WebSite","@id":"https:\/\/estudionsg.com\/#website","url":"https:\/\/estudionsg.com\/","name":"Estudio NSG","description":"","publisher":{"@id":"https:\/\/estudionsg.com\/#organization"},"potentialAction":[{"@type":"SearchAction","target":{"@type":"EntryPoint","urlTemplate":"https:\/\/estudionsg.com\/?s={search_term_string}"},"query-input":{"@type":"PropertyValueSpecification","valueRequired":true,"valueName":"search_term_string"}}],"inLanguage":"es"},{"@type":"Organization","@id":"https:\/\/estudionsg.com\/#organization","name":"Estudio NSG","url":"https:\/\/estudionsg.com\/","logo":{"@type":"ImageObject","inLanguage":"es","@id":"https:\/\/estudionsg.com\/#\/schema\/logo\/image\/","url":"https:\/\/estudionsg.com\/wp-content\/uploads\/2025\/06\/EstudioNSG-ESP.png","contentUrl":"https:\/\/estudionsg.com\/wp-content\/uploads\/2025\/06\/EstudioNSG-ESP.png","width":1019,"height":278,"caption":"Estudio NSG"},"image":{"@id":"https:\/\/estudionsg.com\/#\/schema\/logo\/image\/"},"sameAs":["https:\/\/www.linkedin.com\/in\/nataliaguerract"]}]}},"_links":{"self":[{"href":"https:\/\/estudionsg.com\/es\/wp-json\/wp\/v2\/pages\/6105","targetHints":{"allow":["GET"]}}],"collection":[{"href":"https:\/\/estudionsg.com\/es\/wp-json\/wp\/v2\/pages"}],"about":[{"href":"https:\/\/estudionsg.com\/es\/wp-json\/wp\/v2\/types\/page"}],"author":[{"embeddable":true,"href":"https:\/\/estudionsg.com\/es\/wp-json\/wp\/v2\/users\/2"}],"replies":[{"embeddable":true,"href":"https:\/\/estudionsg.com\/es\/wp-json\/wp\/v2\/comments?post=6105"}],"version-history":[{"count":4,"href":"https:\/\/estudionsg.com\/es\/wp-json\/wp\/v2\/pages\/6105\/revisions"}],"predecessor-version":[{"id":6274,"href":"https:\/\/estudionsg.com\/es\/wp-json\/wp\/v2\/pages\/6105\/revisions\/6274"}],"up":[{"embeddable":true,"href":"https:\/\/estudionsg.com\/es\/wp-json\/wp\/v2\/pages\/6091"}],"wp:attachment":[{"href":"https:\/\/estudionsg.com\/es\/wp-json\/wp\/v2\/media?parent=6105"}],"curies":[{"name":"wp","href":"https:\/\/api.w.org\/{rel}","templated":true}]}}